{"id":208,"date":"2024-10-27T22:36:31","date_gmt":"2024-10-27T22:36:31","guid":{"rendered":"https:\/\/aguadirecta.com\/?page_id=208"},"modified":"2025-11-05T16:18:20","modified_gmt":"2025-11-05T16:18:20","slug":"blog","status":"publish","type":"page","link":"https:\/\/aguadirecta.com\/index.php\/blog\/","title":{"rendered":"Blog"},"content":{"rendered":"\t\t<div data-elementor-type=\"wp-page\" data-elementor-id=\"208\" class=\"elementor elementor-208\" data-elementor-post-type=\"page\">\n\t\t\t\t\t\t<section class=\"elementor-section elementor-top-section elementor-element elementor-element-3f9eb9f elementor-section-height-min-height elementor-section-content-middle elementor-section-boxed elementor-section-height-default elementor-section-items-middle\" data-id=\"3f9eb9f\" data-element_type=\"section\" data-settings=\"{&quot;background_background&quot;:&quot;classic&quot;}\">\n\t\t\t\t\t\t\t<div class=\"elementor-background-overlay\"><\/div>\n\t\t\t\t\t\t\t<div class=\"elementor-container elementor-column-gap-no\">\n\t\t\t\t\t<div class=\"elementor-column elementor-col-100 elementor-top-column elementor-element elementor-element-2e5320b\" data-id=\"2e5320b\" data-element_type=\"column\" data-settings=\"{&quot;background_background&quot;:&quot;classic&quot;}\">\n\t\t\t<div class=\"elementor-widget-wrap elementor-element-populated\">\n\t\t\t\t\t\t<div class=\"elementor-element elementor-element-a27e036 elementor-widget elementor-widget-heading\" data-id=\"a27e036\" data-element_type=\"widget\" data-widget_type=\"heading.default\">\n\t\t\t\t<div class=\"elementor-widget-container\">\n\t\t\t\t\t<h1 class=\"elementor-heading-title elementor-size-default\">Blog<\/h1>\t\t\t\t<\/div>\n\t\t\t\t<\/div>\n\t\t\t\t\t<\/div>\n\t\t<\/div>\n\t\t\t\t\t<\/div>\n\t\t<\/section>\n\t\t<div class=\"elementor-element elementor-element-a042301 e-flex e-con-boxed e-con e-parent\" data-id=\"a042301\" data-element_type=\"container\">\n\t\t\t\t\t<div class=\"e-con-inner\">\n\t\t\t\t<div class=\"elementor-element elementor-element-95b617a elementor-grid-3 elementor-grid-tablet-2 elementor-grid-mobile-1 elementor-posts--thumbnail-top elementor-card-shadow-yes elementor-posts__hover-gradient elementor-widget elementor-widget-posts\" data-id=\"95b617a\" data-element_type=\"widget\" data-settings=\"{&quot;cards_columns&quot;:&quot;3&quot;,&quot;cards_columns_tablet&quot;:&quot;2&quot;,&quot;cards_columns_mobile&quot;:&quot;1&quot;,&quot;cards_row_gap&quot;:{&quot;unit&quot;:&quot;px&quot;,&quot;size&quot;:35,&quot;sizes&quot;:[]},&quot;cards_row_gap_tablet&quot;:{&quot;unit&quot;:&quot;px&quot;,&quot;size&quot;:&quot;&quot;,&quot;sizes&quot;:[]},&quot;cards_row_gap_mobile&quot;:{&quot;unit&quot;:&quot;px&quot;,&quot;size&quot;:&quot;&quot;,&quot;sizes&quot;:[]}}\" data-widget_type=\"posts.cards\">\n\t\t\t\t<div class=\"elementor-widget-container\">\n\t\t\t\t\t\t\t<div class=\"elementor-posts-container elementor-posts elementor-posts--skin-cards elementor-grid\">\n\t\t\t\t<article class=\"elementor-post elementor-grid-item post-272 post type-post status-publish format-standard has-post-thumbnail hentry category-blog\">\n\t\t\t<div class=\"elementor-post__card\">\n\t\t\t\t<a class=\"elementor-post__thumbnail__link\" href=\"https:\/\/aguadirecta.com\/index.php\/2024\/10\/28\/consejos-para-el-mantenimiento-de-sistemas-de-agua-en-edificios-de-odonnell\/\" tabindex=\"-1\" ><div class=\"elementor-post__thumbnail\"><img fetchpriority=\"high\" decoding=\"async\" width=\"2560\" height=\"1707\" src=\"https:\/\/aguadirecta.com\/wp-content\/uploads\/2024\/10\/shutterstock_2506533839-scaled.jpg\" class=\"attachment-full size-full wp-image-385\" alt=\"\" srcset=\"https:\/\/aguadirecta.com\/wp-content\/uploads\/2024\/10\/shutterstock_2506533839-scaled.jpg 2560w, https:\/\/aguadirecta.com\/wp-content\/uploads\/2024\/10\/shutterstock_2506533839-300x200.jpg 300w, https:\/\/aguadirecta.com\/wp-content\/uploads\/2024\/10\/shutterstock_2506533839-1024x683.jpg 1024w, https:\/\/aguadirecta.com\/wp-content\/uploads\/2024\/10\/shutterstock_2506533839-768x512.jpg 768w, https:\/\/aguadirecta.com\/wp-content\/uploads\/2024\/10\/shutterstock_2506533839-1536x1024.jpg 1536w, https:\/\/aguadirecta.com\/wp-content\/uploads\/2024\/10\/shutterstock_2506533839-2048x1365.jpg 2048w\" sizes=\"(max-width: 2560px) 100vw, 2560px\" \/><\/div><\/a>\n\t\t\t\t<div class=\"elementor-post__text\">\n\t\t\t\t<h5 class=\"elementor-post__title\">\n\t\t\t<a href=\"https:\/\/aguadirecta.com\/index.php\/2024\/10\/28\/consejos-para-el-mantenimiento-de-sistemas-de-agua-en-edificios-de-odonnell\/\" >\n\t\t\t\tCuriosidades de la fontaner\u00eda que probablemente no sab\u00edas\t\t\t<\/a>\n\t\t<\/h5>\n\t\t\n\t\t<a class=\"elementor-post__read-more\" href=\"https:\/\/aguadirecta.com\/index.php\/2024\/10\/28\/consejos-para-el-mantenimiento-de-sistemas-de-agua-en-edificios-de-odonnell\/\" aria-label=\"M\u00e1s informaci\u00f3n sobre Curiosidades de la fontaner\u00eda que probablemente no sab\u00edas\" tabindex=\"-1\" >\n\t\t\tVer m\u00e1s \u00bb\t\t<\/a>\n\n\t\t\t\t<\/div>\n\t\t\t\t\t<\/div>\n\t\t<\/article>\n\t\t\t\t<article class=\"elementor-post elementor-grid-item post-269 post type-post status-publish format-standard has-post-thumbnail hentry category-blog\">\n\t\t\t<div class=\"elementor-post__card\">\n\t\t\t\t<a class=\"elementor-post__thumbnail__link\" href=\"https:\/\/aguadirecta.com\/index.php\/2024\/10\/28\/como-prevenir-atascos-en-las-tuberias-en-invierno-en-madrid\/\" tabindex=\"-1\" ><div class=\"elementor-post__thumbnail\"><img decoding=\"async\" width=\"2560\" height=\"1799\" src=\"https:\/\/aguadirecta.com\/wp-content\/uploads\/2025\/10\/shutterstock_2654455849-scaled.jpg\" class=\"attachment-full size-full wp-image-708\" alt=\"\" srcset=\"https:\/\/aguadirecta.com\/wp-content\/uploads\/2025\/10\/shutterstock_2654455849-scaled.jpg 2560w, https:\/\/aguadirecta.com\/wp-content\/uploads\/2025\/10\/shutterstock_2654455849-300x211.jpg 300w, https:\/\/aguadirecta.com\/wp-content\/uploads\/2025\/10\/shutterstock_2654455849-1024x720.jpg 1024w, https:\/\/aguadirecta.com\/wp-content\/uploads\/2025\/10\/shutterstock_2654455849-768x540.jpg 768w, https:\/\/aguadirecta.com\/wp-content\/uploads\/2025\/10\/shutterstock_2654455849-1536x1080.jpg 1536w, https:\/\/aguadirecta.com\/wp-content\/uploads\/2025\/10\/shutterstock_2654455849-2048x1440.jpg 2048w\" sizes=\"(max-width: 2560px) 100vw, 2560px\" \/><\/div><\/a>\n\t\t\t\t<div class=\"elementor-post__text\">\n\t\t\t\t<h5 class=\"elementor-post__title\">\n\t\t\t<a href=\"https:\/\/aguadirecta.com\/index.php\/2024\/10\/28\/como-prevenir-atascos-en-las-tuberias-en-invierno-en-madrid\/\" >\n\t\t\t\tQu\u00e9 hacer ante un atasco en el fregadero o el ba\u00f1o\t\t\t<\/a>\n\t\t<\/h5>\n\t\t\n\t\t<a class=\"elementor-post__read-more\" href=\"https:\/\/aguadirecta.com\/index.php\/2024\/10\/28\/como-prevenir-atascos-en-las-tuberias-en-invierno-en-madrid\/\" aria-label=\"M\u00e1s informaci\u00f3n sobre Qu\u00e9 hacer ante un atasco en el fregadero o el ba\u00f1o\" tabindex=\"-1\" >\n\t\t\tVer m\u00e1s \u00bb\t\t<\/a>\n\n\t\t\t\t<\/div>\n\t\t\t\t\t<\/div>\n\t\t<\/article>\n\t\t\t\t<\/div>\n\t\t\n\t\t\t\t\t\t<\/div>\n\t\t\t\t<\/div>\n\t\t\t\t\t<\/div>\n\t\t\t\t<\/div>\n\t\t\t\t<\/div>\n\t\t","protected":false},"excerpt":{"rendered":"<p>Blog<\/p>\n","protected":false},"author":1,"featured_media":0,"parent":0,"menu_order":0,"comment_status":"closed","ping_status":"closed","template":"","meta":{"footnotes":""},"class_list":["post-208","page","type-page","status-publish","hentry"],"yoast_head":"<!-- This site is optimized with the Yoast SEO plugin v26.3 - https:\/\/yoast.com\/wordpress\/plugins\/seo\/ -->\n<title>Agua Directa | Blog Fontaner\u00eda Vitoria-Gasteiz<\/title>\n<meta name=\"description\" content=\"Bienvenido al blog de fontaner\u00eda en Vitoria-Gasteiz. Aprende consejos \u00fatiles, gu\u00edas de mantenimiento y soluciones de nuestros fontaneros.\" \/>\n<meta name=\"robots\" content=\"index, follow, max-snippet:-1, max-image-preview:large, max-video-preview:-1\" \/>\n<link rel=\"canonical\" href=\"https:\/\/aguadirecta.com\/index.php\/blog\/\" \/>\n<meta property=\"og:locale\" content=\"es_ES\" \/>\n<meta property=\"og:type\" content=\"article\" \/>\n<meta property=\"og:title\" content=\"Agua Directa | Blog Fontaner\u00eda Vitoria-Gasteiz\" \/>\n<meta property=\"og:description\" content=\"Bienvenido al blog de fontaner\u00eda en Vitoria-Gasteiz. Aprende consejos \u00fatiles, gu\u00edas de mantenimiento y soluciones de nuestros fontaneros.\" \/>\n<meta property=\"og:url\" content=\"https:\/\/aguadirecta.com\/index.php\/blog\/\" \/>\n<meta property=\"og:site_name\" content=\"Fontanero Vitoria 24H\" \/>\n<meta property=\"article:modified_time\" content=\"2025-11-05T16:18:20+00:00\" \/>\n<meta name=\"twitter:card\" content=\"summary_large_image\" \/>\n<meta name=\"twitter:label1\" content=\"Tiempo de lectura\" \/>\n\t<meta name=\"twitter:data1\" content=\"1 minuto\" \/>\n<script type=\"application\/ld+json\" class=\"yoast-schema-graph\">{\"@context\":\"https:\/\/schema.org\",\"@graph\":[{\"@type\":\"WebPage\",\"@id\":\"https:\/\/aguadirecta.com\/index.php\/blog\/\",\"url\":\"https:\/\/aguadirecta.com\/index.php\/blog\/\",\"name\":\"Agua Directa | Blog Fontaner\u00eda Vitoria-Gasteiz\",\"isPartOf\":{\"@id\":\"https:\/\/aguadirecta.com\/#website\"},\"datePublished\":\"2024-10-27T22:36:31+00:00\",\"dateModified\":\"2025-11-05T16:18:20+00:00\",\"description\":\"Bienvenido al blog de fontaner\u00eda en Vitoria-Gasteiz. Aprende consejos \u00fatiles, gu\u00edas de mantenimiento y soluciones de nuestros fontaneros.\",\"breadcrumb\":{\"@id\":\"https:\/\/aguadirecta.com\/index.php\/blog\/#breadcrumb\"},\"inLanguage\":\"es\",\"potentialAction\":[{\"@type\":\"ReadAction\",\"target\":[\"https:\/\/aguadirecta.com\/index.php\/blog\/\"]}]},{\"@type\":\"BreadcrumbList\",\"@id\":\"https:\/\/aguadirecta.com\/index.php\/blog\/#breadcrumb\",\"itemListElement\":[{\"@type\":\"ListItem\",\"position\":1,\"name\":\"Portada\",\"item\":\"https:\/\/aguadirecta.com\/\"},{\"@type\":\"ListItem\",\"position\":2,\"name\":\"Blog\"}]},{\"@type\":\"WebSite\",\"@id\":\"https:\/\/aguadirecta.com\/#website\",\"url\":\"https:\/\/aguadirecta.com\/\",\"name\":\"Fontanero Vitoria 24H\",\"description\":\"\",\"publisher\":{\"@id\":\"https:\/\/aguadirecta.com\/#organization\"},\"potentialAction\":[{\"@type\":\"SearchAction\",\"target\":{\"@type\":\"EntryPoint\",\"urlTemplate\":\"https:\/\/aguadirecta.com\/?s={search_term_string}\"},\"query-input\":{\"@type\":\"PropertyValueSpecification\",\"valueRequired\":true,\"valueName\":\"search_term_string\"}}],\"inLanguage\":\"es\"},{\"@type\":\"Organization\",\"@id\":\"https:\/\/aguadirecta.com\/#organization\",\"name\":\"Fontanero Vitoria 24H\",\"url\":\"https:\/\/aguadirecta.com\/\",\"logo\":{\"@type\":\"ImageObject\",\"inLanguage\":\"es\",\"@id\":\"https:\/\/aguadirecta.com\/#\/schema\/logo\/image\/\",\"url\":\"https:\/\/aguadirecta.com\/wp-content\/uploads\/2024\/10\/fontaneroo.png\",\"contentUrl\":\"https:\/\/aguadirecta.com\/wp-content\/uploads\/2024\/10\/fontaneroo.png\",\"width\":526,\"height\":160,\"caption\":\"Fontanero Vitoria 24H\"},\"image\":{\"@id\":\"https:\/\/aguadirecta.com\/#\/schema\/logo\/image\/\"}}]}<\/script>\n<!-- \/ Yoast SEO plugin. -->","yoast_head_json":{"title":"Agua Directa | Blog Fontaner\u00eda Vitoria-Gasteiz","description":"Bienvenido al blog de fontaner\u00eda en Vitoria-Gasteiz. Aprende consejos \u00fatiles, gu\u00edas de mantenimiento y soluciones de nuestros fontaneros.","robots":{"index":"index","follow":"follow","max-snippet":"max-snippet:-1","max-image-preview":"max-image-preview:large","max-video-preview":"max-video-preview:-1"},"canonical":"https:\/\/aguadirecta.com\/index.php\/blog\/","og_locale":"es_ES","og_type":"article","og_title":"Agua Directa | Blog Fontaner\u00eda Vitoria-Gasteiz","og_description":"Bienvenido al blog de fontaner\u00eda en Vitoria-Gasteiz. Aprende consejos \u00fatiles, gu\u00edas de mantenimiento y soluciones de nuestros fontaneros.","og_url":"https:\/\/aguadirecta.com\/index.php\/blog\/","og_site_name":"Fontanero Vitoria 24H","article_modified_time":"2025-11-05T16:18:20+00:00","twitter_card":"summary_large_image","twitter_misc":{"Tiempo de lectura":"1 minuto"},"schema":{"@context":"https:\/\/schema.org","@graph":[{"@type":"WebPage","@id":"https:\/\/aguadirecta.com\/index.php\/blog\/","url":"https:\/\/aguadirecta.com\/index.php\/blog\/","name":"Agua Directa | Blog Fontaner\u00eda Vitoria-Gasteiz","isPartOf":{"@id":"https:\/\/aguadirecta.com\/#website"},"datePublished":"2024-10-27T22:36:31+00:00","dateModified":"2025-11-05T16:18:20+00:00","description":"Bienvenido al blog de fontaner\u00eda en Vitoria-Gasteiz. Aprende consejos \u00fatiles, gu\u00edas de mantenimiento y soluciones de nuestros fontaneros.","breadcrumb":{"@id":"https:\/\/aguadirecta.com\/index.php\/blog\/#breadcrumb"},"inLanguage":"es","potentialAction":[{"@type":"ReadAction","target":["https:\/\/aguadirecta.com\/index.php\/blog\/"]}]},{"@type":"BreadcrumbList","@id":"https:\/\/aguadirecta.com\/index.php\/blog\/#breadcrumb","itemListElement":[{"@type":"ListItem","position":1,"name":"Portada","item":"https:\/\/aguadirecta.com\/"},{"@type":"ListItem","position":2,"name":"Blog"}]},{"@type":"WebSite","@id":"https:\/\/aguadirecta.com\/#website","url":"https:\/\/aguadirecta.com\/","name":"Fontanero Vitoria 24H","description":"","publisher":{"@id":"https:\/\/aguadirecta.com\/#organization"},"potentialAction":[{"@type":"SearchAction","target":{"@type":"EntryPoint","urlTemplate":"https:\/\/aguadirecta.com\/?s={search_term_string}"},"query-input":{"@type":"PropertyValueSpecification","valueRequired":true,"valueName":"search_term_string"}}],"inLanguage":"es"},{"@type":"Organization","@id":"https:\/\/aguadirecta.com\/#organization","name":"Fontanero Vitoria 24H","url":"https:\/\/aguadirecta.com\/","logo":{"@type":"ImageObject","inLanguage":"es","@id":"https:\/\/aguadirecta.com\/#\/schema\/logo\/image\/","url":"https:\/\/aguadirecta.com\/wp-content\/uploads\/2024\/10\/fontaneroo.png","contentUrl":"https:\/\/aguadirecta.com\/wp-content\/uploads\/2024\/10\/fontaneroo.png","width":526,"height":160,"caption":"Fontanero Vitoria 24H"},"image":{"@id":"https:\/\/aguadirecta.com\/#\/schema\/logo\/image\/"}}]}},"_links":{"self":[{"href":"https:\/\/aguadirecta.com\/index.php\/wp-json\/wp\/v2\/pages\/208","targetHints":{"allow":["GET"]}}],"collection":[{"href":"https:\/\/aguadirecta.com\/index.php\/wp-json\/wp\/v2\/pages"}],"about":[{"href":"https:\/\/aguadirecta.com\/index.php\/wp-json\/wp\/v2\/types\/page"}],"author":[{"embeddable":true,"href":"https:\/\/aguadirecta.com\/index.php\/wp-json\/wp\/v2\/users\/1"}],"replies":[{"embeddable":true,"href":"https:\/\/aguadirecta.com\/index.php\/wp-json\/wp\/v2\/comments?post=208"}],"version-history":[{"count":7,"href":"https:\/\/aguadirecta.com\/index.php\/wp-json\/wp\/v2\/pages\/208\/revisions"}],"predecessor-version":[{"id":426,"href":"https:\/\/aguadirecta.com\/index.php\/wp-json\/wp\/v2\/pages\/208\/revisions\/426"}],"wp:attachment":[{"href":"https:\/\/aguadirecta.com\/index.php\/wp-json\/wp\/v2\/media?parent=208"}],"curies":[{"name":"wp","href":"https:\/\/api.w.org\/{rel}","templated":true}]}}